{"id":144,"date":"2020-06-11T21:03:31","date_gmt":"2020-06-11T19:03:31","guid":{"rendered":"http:\/\/burcatpower.com\/?page_id=144"},"modified":"2024-01-11T00:39:01","modified_gmt":"2024-01-10T23:39:01","slug":"empresa","status":"publish","type":"page","link":"https:\/\/burcatpower.com\/en\/empresa\/","title":{"rendered":"About us"},"content":{"rendered":"<div data-elementor-type=\"wp-page\" data-elementor-id=\"144\" class=\"elementor elementor-144\">\n\t\t\t\t\t\t<div class=\"elementor-inner\">\n\t\t\t\t<div class=\"elementor-section-wrap\">\n\t\t\t\t\t\t\t\t\t<section class=\"elementor-section elementor-top-section elementor-element elementor-element-a38f484 elementor-section-boxed elementor-section-height-default elementor-section-height-default\" data-id=\"a38f484\" data-element_type=\"section\">\n\t\t\t\t\t\t<div class=\"elementor-container elementor-column-gap-default\">\n\t\t\t\t\t\t\t<div class=\"elementor-row\">\n\t\t\t\t\t<div class=\"elementor-column elementor-col-100 elementor-top-column elementor-element elementor-element-b9ef431\" data-id=\"b9ef431\" data-element_type=\"column\" data-settings=\"{&quot;background_background&quot;:&quot;classic&quot;}\">\n\t\t\t<div class=\"elementor-column-wrap elementor-element-populated\">\n\t\t\t\t\t\t\t<div class=\"elementor-widget-wrap\">\n\t\t\t\t\t\t<div class=\"elementor-element elementor-element-51ffe2d elementor-hidden-phone elementor-widget elementor-widget-image\" data-id=\"51ffe2d\" data-element_type=\"widget\" data-widget_type=\"image.default\">\n\t\t\t\t<div class=\"elementor-widget-container\">\n\t\t\t\t\t\t\t\t<div class=\"elementor-image\">\n\t\t\t\t\t\t\t\t\t\t\t\t<img width=\"800\" height=\"229\" src=\"https:\/\/burcatpower.com\/wp-content\/uploads\/2020\/10\/slider-1024x293.jpg\" class=\"attachment-large size-large\" alt=\"\" loading=\"lazy\" srcset=\"https:\/\/burcatpower.com\/wp-content\/uploads\/2020\/10\/slider-1024x293.jpg 1024w, https:\/\/burcatpower.com\/wp-content\/uploads\/2020\/10\/slider-300x86.jpg 300w, https:\/\/burcatpower.com\/wp-content\/uploads\/2020\/10\/slider-600x172.jpg 600w, https:\/\/burcatpower.com\/wp-content\/uploads\/2020\/10\/slider-768x220.jpg 768w, https:\/\/burcatpower.com\/wp-content\/uploads\/2020\/10\/slider-1536x440.jpg 1536w, https:\/\/burcatpower.com\/wp-content\/uploads\/2020\/10\/slider.jpg 1642w\" sizes=\"(max-width: 800px) 100vw, 800px\" \/>\t\t\t\t\t\t\t\t\t\t\t\t\t\t<\/div>\n\t\t\t\t\t\t<\/div>\n\t\t\t\t<\/div>\n\t\t\t\t<section class=\"elementor-section elementor-inner-section elementor-element elementor-element-8cded50 elementor-section-boxed elementor-section-height-default elementor-section-height-default\" data-id=\"8cded50\" data-element_type=\"section\">\n\t\t\t\t\t\t<div class=\"elementor-container elementor-column-gap-wider\">\n\t\t\t\t\t\t\t<div class=\"elementor-row\">\n\t\t\t\t\t<div class=\"elementor-column elementor-col-100 elementor-inner-column elementor-element elementor-element-3264e3e\" data-id=\"3264e3e\" data-element_type=\"column\" data-settings=\"{&quot;background_background&quot;:&quot;classic&quot;}\">\n\t\t\t<div class=\"elementor-column-wrap elementor-element-populated\">\n\t\t\t\t\t\t\t<div class=\"elementor-widget-wrap\">\n\t\t\t\t\t\t<div class=\"elementor-element elementor-element-a8b671e elementor-hidden-desktop elementor-hidden-tablet elementor-hidden-mobile elementor-align-center elementor-widget elementor-widget-lottie\" data-id=\"a8b671e\" data-element_type=\"widget\" data-settings=\"{&quot;source&quot;:&quot;external_url&quot;,&quot;source_external_url&quot;:{&quot;url&quot;:&quot;https:\\\/\\\/assets1.lottiefiles.com\\\/packages\\\/lf20_WVPzdv.json&quot;,&quot;is_external&quot;:&quot;&quot;,&quot;nofollow&quot;:&quot;&quot;,&quot;custom_attributes&quot;:&quot;&quot;},&quot;loop&quot;:&quot;yes&quot;,&quot;link_to&quot;:&quot;none&quot;,&quot;trigger&quot;:&quot;arriving_to_viewport&quot;,&quot;viewport&quot;:{&quot;unit&quot;:&quot;%&quot;,&quot;size&quot;:&quot;&quot;,&quot;sizes&quot;:{&quot;start&quot;:0,&quot;end&quot;:100}},&quot;play_speed&quot;:{&quot;unit&quot;:&quot;px&quot;,&quot;size&quot;:1,&quot;sizes&quot;:[]},&quot;start_point&quot;:{&quot;unit&quot;:&quot;%&quot;,&quot;size&quot;:&quot;0&quot;,&quot;sizes&quot;:[]},&quot;end_point&quot;:{&quot;unit&quot;:&quot;%&quot;,&quot;size&quot;:&quot;100&quot;,&quot;sizes&quot;:[]},&quot;renderer&quot;:&quot;svg&quot;}\" data-widget_type=\"lottie.default\">\n\t\t\t\t<div class=\"elementor-widget-container\">\n\t\t\t<div class=\"e-lottie__container\"><div class=\"e-lottie__animation\"><\/div><\/div>\t\t<\/div>\n\t\t\t\t<\/div>\n\t\t\t\t<div class=\"elementor-element elementor-element-d01240d elementor-widget elementor-widget-heading\" data-id=\"d01240d\" data-element_type=\"widget\" data-widget_type=\"heading.default\">\n\t\t\t\t<div class=\"elementor-widget-container\">\n\t\t\t<h2 class=\"elementor-heading-title elementor-size-default\">About us<\/h2>\t\t<\/div>\n\t\t\t\t<\/div>\n\t\t\t\t\t\t<\/div>\n\t\t\t\t\t<\/div>\n\t\t<\/div>\n\t\t\t\t\t\t\t\t<\/div>\n\t\t\t\t\t<\/div>\n\t\t<\/section>\n\t\t\t\t\t\t<\/div>\n\t\t\t\t\t<\/div>\n\t\t<\/div>\n\t\t\t\t\t\t\t\t<\/div>\n\t\t\t\t\t<\/div>\n\t\t<\/section>\n\t\t\t\t<section class=\"elementor-section elementor-top-section elementor-element elementor-element-7c39fa4 elementor-section-boxed elementor-section-height-default elementor-section-height-default\" data-id=\"7c39fa4\" data-element_type=\"section\">\n\t\t\t\t\t\t<div class=\"elementor-container elementor-column-gap-wider\">\n\t\t\t\t\t\t\t<div class=\"elementor-row\">\n\t\t\t\t\t<div class=\"elementor-column elementor-col-50 elementor-top-column elementor-element elementor-element-288f6ca\" data-id=\"288f6ca\" data-element_type=\"column\" data-settings=\"{&quot;background_background&quot;:&quot;classic&quot;}\">\n\t\t\t<div class=\"elementor-column-wrap elementor-element-populated\">\n\t\t\t\t\t\t\t<div class=\"elementor-widget-wrap\">\n\t\t\t\t\t\t<div class=\"elementor-element elementor-element-64fa0ae elementor-widget elementor-widget-text-editor\" data-id=\"64fa0ae\" data-element_type=\"widget\" data-widget_type=\"text-editor.default\">\n\t\t\t\t<div class=\"elementor-widget-container\">\n\t\t\t\t\t\t\t\t<div class=\"elementor-text-editor elementor-clearfix\">\n\t\t\t\t<p id=\"u148-2\">A los 15 d\u00edas del mes de octubre del 2013 nace una empresa con el nombre de Burcat Power que significa fuerza empoderamiento, desde entonces son nuestras equipos \u00a0los \u00a0que nos representan, ubicandonos en diferentes lugares permitiendo la importaci\u00f3n, exportaci\u00f3n y comercializaci\u00f3n de las mismos . El objetivo de Burcat Power es ir a la vanguardia de un mundo globalizado que nos permite cruzar fronteras, hoy es centro America y Estados Unidos.<\/p>\t\t\t\t\t<\/div>\n\t\t\t\t\t\t<\/div>\n\t\t\t\t<\/div>\n\t\t\t\t\t\t<\/div>\n\t\t\t\t\t<\/div>\n\t\t<\/div>\n\t\t\t\t<div class=\"elementor-column elementor-col-50 elementor-top-column elementor-element elementor-element-e1a32d8\" data-id=\"e1a32d8\" data-element_type=\"column\" data-settings=\"{&quot;background_background&quot;:&quot;classic&quot;}\">\n\t\t\t<div class=\"elementor-column-wrap elementor-element-populated\">\n\t\t\t\t\t\t\t<div class=\"elementor-widget-wrap\">\n\t\t\t\t\t\t<div class=\"elementor-element elementor-element-15362a8 elementor-widget elementor-widget-image\" data-id=\"15362a8\" data-element_type=\"widget\" data-widget_type=\"image.default\">\n\t\t\t\t<div class=\"elementor-widget-container\">\n\t\t\t\t\t\t\t\t<div class=\"elementor-image\">\n\t\t\t\t\t\t\t\t\t\t\t\t<img width=\"800\" height=\"517\" src=\"https:\/\/burcatpower.com\/wp-content\/uploads\/2022\/06\/Fachada-1024x662.jpeg\" class=\"attachment-large size-large\" alt=\"\" loading=\"lazy\" srcset=\"https:\/\/burcatpower.com\/wp-content\/uploads\/2022\/06\/Fachada-1024x662.jpeg 1024w, https:\/\/burcatpower.com\/wp-content\/uploads\/2022\/06\/Fachada-300x194.jpeg 300w, https:\/\/burcatpower.com\/wp-content\/uploads\/2022\/06\/Fachada-600x388.jpeg 600w, https:\/\/burcatpower.com\/wp-content\/uploads\/2022\/06\/Fachada-768x497.jpeg 768w, https:\/\/burcatpower.com\/wp-content\/uploads\/2022\/06\/Fachada.jpeg 1280w\" sizes=\"(max-width: 800px) 100vw, 800px\" \/>\t\t\t\t\t\t\t\t\t\t\t\t\t\t<\/div>\n\t\t\t\t\t\t<\/div>\n\t\t\t\t<\/div>\n\t\t\t\t\t\t<\/div>\n\t\t\t\t\t<\/div>\n\t\t<\/div>\n\t\t\t\t\t\t\t\t<\/div>\n\t\t\t\t\t<\/div>\n\t\t<\/section>\n\t\t\t\t<section class=\"elementor-section elementor-top-section elementor-element elementor-element-44ca22e elementor-section-boxed elementor-section-height-default elementor-section-height-default\" data-id=\"44ca22e\" data-element_type=\"section\">\n\t\t\t\t\t\t<div class=\"elementor-container elementor-column-gap-wider\">\n\t\t\t\t\t\t\t<div class=\"elementor-row\">\n\t\t\t\t\t<div class=\"elementor-column elementor-col-100 elementor-top-column elementor-element elementor-element-c270d4f\" data-id=\"c270d4f\" data-element_type=\"column\" data-settings=\"{&quot;background_background&quot;:&quot;classic&quot;}\">\n\t\t\t<div class=\"elementor-column-wrap elementor-element-populated\">\n\t\t\t\t\t\t\t<div class=\"elementor-widget-wrap\">\n\t\t\t\t\t\t<div class=\"elementor-element elementor-element-34d3075 elementor-widget elementor-widget-text-editor\" data-id=\"34d3075\" data-element_type=\"widget\" data-widget_type=\"text-editor.default\">\n\t\t\t\t<div class=\"elementor-widget-container\">\n\t\t\t\t\t\t\t\t<div class=\"elementor-text-editor elementor-clearfix\">\n\t\t\t\t<p id=\"u148-8\">With dedication taking care of the quality and efficiency of our products, we move forward with the firm conviction of offering our customers, who are the reason for this company, to be better every day, always thinking of a better world for future generations.<\/p>\t\t\t\t\t<\/div>\n\t\t\t\t\t\t<\/div>\n\t\t\t\t<\/div>\n\t\t\t\t<div class=\"elementor-element elementor-element-0e25236 elementor-widget elementor-widget-spacer\" data-id=\"0e25236\" data-element_type=\"widget\" data-widget_type=\"spacer.default\">\n\t\t\t\t<div class=\"elementor-widget-container\">\n\t\t\t\t\t<div class=\"elementor-spacer\">\n\t\t\t<div class=\"elementor-spacer-inner\"><\/div>\n\t\t<\/div>\n\t\t\t\t<\/div>\n\t\t\t\t<\/div>\n\t\t\t\t\t\t<\/div>\n\t\t\t\t\t<\/div>\n\t\t<\/div>\n\t\t\t\t\t\t\t\t<\/div>\n\t\t\t\t\t<\/div>\n\t\t<\/section>\n\t\t\t\t\t\t\t\t\t<\/div>\n\t\t\t<\/div>\n\t\t\t\t\t<\/div>","protected":false},"excerpt":{"rendered":"<p>Empresa A los 15 d\u00edas del mes de octubre del 2013 nace una empresa con el nombre de Burcat Power que significa fuerza empoderamiento, desde entonces son nuestras equipos \u00a0los \u00a0que nos representan, ubicandonos en diferentes lugares permitiendo la importaci\u00f3n, exportaci\u00f3n y comercializaci\u00f3n de las mismos . El objetivo de Burcat Power es ir a [&hellip;]<\/p>","protected":false},"author":1,"featured_media":328,"parent":0,"menu_order":0,"comment_status":"closed","ping_status":"closed","template":"","meta":{"_joinchat":[]},"_links":{"self":[{"href":"https:\/\/burcatpower.com\/en\/wp-json\/wp\/v2\/pages\/144"}],"collection":[{"href":"https:\/\/burcatpower.com\/en\/wp-json\/wp\/v2\/pages"}],"about":[{"href":"https:\/\/burcatpower.com\/en\/wp-json\/wp\/v2\/types\/page"}],"author":[{"embeddable":true,"href":"https:\/\/burcatpower.com\/en\/wp-json\/wp\/v2\/users\/1"}],"replies":[{"embeddable":true,"href":"https:\/\/burcatpower.com\/en\/wp-json\/wp\/v2\/comments?post=144"}],"version-history":[{"count":29,"href":"https:\/\/burcatpower.com\/en\/wp-json\/wp\/v2\/pages\/144\/revisions"}],"predecessor-version":[{"id":1518,"href":"https:\/\/burcatpower.com\/en\/wp-json\/wp\/v2\/pages\/144\/revisions\/1518"}],"wp:featuredmedia":[{"embeddable":true,"href":"https:\/\/burcatpower.com\/en\/wp-json\/wp\/v2\/media\/328"}],"wp:attachment":[{"href":"https:\/\/burcatpower.com\/en\/wp-json\/wp\/v2\/media?parent=144"}],"curies":[{"name":"wp","href":"https:\/\/api.w.org\/{rel}","templated":true}]}}