{"id":562,"date":"2022-05-03T18:25:21","date_gmt":"2022-05-03T16:25:21","guid":{"rendered":"http:\/\/burcatpower.com\/?post_type=product&#038;p=562"},"modified":"2022-07-25T22:38:38","modified_gmt":"2022-07-25T20:38:38","slug":"bomba-de-agua-modelo-wp-30","status":"publish","type":"product","link":"https:\/\/burcatpower.com\/en\/product\/bomba-de-agua-modelo-wp-30\/","title":{"rendered":"Water pump WP-30"},"content":{"rendered":"<p>WATER MOTOR PUMP<\/p>\n<p>MODEL: WP-30<\/p>\n<p>4 STROKE ENGINE<\/p>\n<p>DISPLACEMENT 196CC<\/p>\n<p>POWER 6.5HP<\/p>\n<p>SUCTION DEPTH 8m<\/p>\n<p>PUMPING HEIGHT 28m<\/p>\n<p>MAX FLOW 60 C\u00b3\/h<\/p>\n<p>&nbsp;<\/p>\n<p>ACCESSORIES<\/p>\n<p>HOSE CONNECTORS<\/p>\n<p>*WATER FILTER<\/p>\n<p>2\u201d REDUCER<\/p>\n<p>*CLAMP KIT<\/p>\n<p>*SPARK PLUG WRENCH<\/p>\n<p>*USER MANUAL AND GUARANTEE POLICY<\/p>","protected":false},"excerpt":{"rendered":"<p>MOTOBOMBA DE AGUA MODELO: WP-30 MOTOR 4 TIEMPOS CILINDRADA 196CC POTENCIA 6.5HP PROFUNDIDAD DE SUCCION\u00a0\u00a0 8m ALTURA DE BOMBEO\u00a0 28m FLUJO MAXIMO\u00a0 60 C\u00b3\/h &nbsp; ACCESORIOS: CONECTORES PARA MANGUERA *FILTRO DE AGUA REDUCTOR A 2\u201d *JGO. DE ABRAZADERAS *LLAVE PARA BUJ\u00cdA *MANUAL Y P\u00d3LIZA DE GARANT\u00cdA<\/p>","protected":false},"featured_media":1027,"comment_status":"open","ping_status":"closed","template":"","meta":{"_joinchat":[]},"product_cat":[37],"product_tag":[],"_links":{"self":[{"href":"https:\/\/burcatpower.com\/en\/wp-json\/wp\/v2\/product\/562"}],"collection":[{"href":"https:\/\/burcatpower.com\/en\/wp-json\/wp\/v2\/product"}],"about":[{"href":"https:\/\/burcatpower.com\/en\/wp-json\/wp\/v2\/types\/product"}],"replies":[{"embeddable":true,"href":"https:\/\/burcatpower.com\/en\/wp-json\/wp\/v2\/comments?post=562"}],"wp:featuredmedia":[{"embeddable":true,"href":"https:\/\/burcatpower.com\/en\/wp-json\/wp\/v2\/media\/1027"}],"wp:attachment":[{"href":"https:\/\/burcatpower.com\/en\/wp-json\/wp\/v2\/media?parent=562"}],"wp:term":[{"taxonomy":"product_cat","embeddable":true,"href":"https:\/\/burcatpower.com\/en\/wp-json\/wp\/v2\/product_cat?post=562"},{"taxonomy":"product_tag","embeddable":true,"href":"https:\/\/burcatpower.com\/en\/wp-json\/wp\/v2\/product_tag?post=562"}],"curies":[{"name":"wp","href":"https:\/\/api.w.org\/{rel}","templated":true}]}}