{"id":566,"date":"2022-05-03T18:27:26","date_gmt":"2022-05-03T16:27:26","guid":{"rendered":"http:\/\/burcatpower.com\/?post_type=product&#038;p=566"},"modified":"2022-07-25T22:40:02","modified_gmt":"2022-07-25T20:40:02","slug":"bomba-de-agua-modelo-wp-40","status":"publish","type":"product","link":"https:\/\/burcatpower.com\/en\/product\/bomba-de-agua-modelo-wp-40\/","title":{"rendered":"Water pump WP-40"},"content":{"rendered":"<p>WATER MOTOR PUMP<\/p>\n<p>MODEL: WP-40<\/p>\n<p>4-STROKE 4-INCH ENGINE<\/p>\n<p>DISPLACEMENT 420 CC<\/p>\n<p>POWER 15HP<\/p>\n<p>SUCTION DEPTH 9m<\/p>\n<p>PUMPING HEIGHT 30m<\/p>\n<p>MAX FLOW 95 C\u00b3\/h<\/p>\n<p>&nbsp;<\/p>\n<p>ACCESSORIES<\/p>\n<p>HOSE CONNECTORS<\/p>\n<p>WATER FILTER<\/p>\n<p>CLAMP SET<\/p>\n<p>SPARK PLUG WRENCH<\/p>\n<p>MANUAL AND GUARANTEE POLICY<\/p>","protected":false},"excerpt":{"rendered":"<p>MOTOBOMBA DE AGUA MODELO: WP-40 MOTOR 4 TIEMPOS 4 PULGADAS CILINDRADA 420 CC POTENCIA 15 HP PROFUNDIDAD DE SUCCION\u00a0\u00a0 9m ALTURA DE BOMBEO\u00a0 30m FLUJO MAXIMO\u00a0 95 C\u00b3\/h &nbsp; ACCESORIOS: CONECTORES PARA MANGUERA FILTRO DE AGUA JGO. DE ABRAZADERAS LLAVE PARA BUJ\u00cdA MANUAL Y P\u00d3LIZA DE GARANT\u00cdA<\/p>","protected":false},"featured_media":1032,"comment_status":"open","ping_status":"closed","template":"","meta":{"_joinchat":[]},"product_cat":[37],"product_tag":[],"_links":{"self":[{"href":"https:\/\/burcatpower.com\/en\/wp-json\/wp\/v2\/product\/566"}],"collection":[{"href":"https:\/\/burcatpower.com\/en\/wp-json\/wp\/v2\/product"}],"about":[{"href":"https:\/\/burcatpower.com\/en\/wp-json\/wp\/v2\/types\/product"}],"replies":[{"embeddable":true,"href":"https:\/\/burcatpower.com\/en\/wp-json\/wp\/v2\/comments?post=566"}],"wp:featuredmedia":[{"embeddable":true,"href":"https:\/\/burcatpower.com\/en\/wp-json\/wp\/v2\/media\/1032"}],"wp:attachment":[{"href":"https:\/\/burcatpower.com\/en\/wp-json\/wp\/v2\/media?parent=566"}],"wp:term":[{"taxonomy":"product_cat","embeddable":true,"href":"https:\/\/burcatpower.com\/en\/wp-json\/wp\/v2\/product_cat?post=566"},{"taxonomy":"product_tag","embeddable":true,"href":"https:\/\/burcatpower.com\/en\/wp-json\/wp\/v2\/product_tag?post=566"}],"curies":[{"name":"wp","href":"https:\/\/api.w.org\/{rel}","templated":true}]}}